{"id":12,"date":"2024-07-22T12:54:50","date_gmt":"2024-07-22T12:54:50","guid":{"rendered":"https:\/\/zawilapsychoterapia.pl\/?page_id=12"},"modified":"2024-07-24T20:05:54","modified_gmt":"2024-07-24T20:05:54","slug":"psychoterapia-malgorzata-zawila","status":"publish","type":"page","link":"https:\/\/zawilapsychoterapia.pl\/","title":{"rendered":"Psychoterapia &#8211; Ma\u0142gorzata Zawi\u0142a"},"content":{"rendered":"\n<h2 class=\"wp-block-heading has-text-align-center has-foreground-color has-text-color has-link-color wp-elements-d403d01577e3332afeddd002321c74fc\"><strong>Zapraszam do gabinetu psychoterapii w Krakowie<\/strong><\/h2>\n\n\n\n<figure class=\"wp-block-image size-large\"><img loading=\"lazy\" decoding=\"async\" width=\"1024\" height=\"768\" src=\"https:\/\/zawilapsychoterapia.pl\/wp-content\/uploads\/2024\/07\/IMG_9155-1024x768.jpg\" alt=\"\" class=\"wp-image-18\"\/><\/figure>\n\n\n\n<p class=\"has-text-align-center has-primary-color has-text-color has-link-color has-medium-font-size wp-elements-8e41eebcde00e2f6b7e533a2b1781d3a\">Je\u015bli wyzwaniem jest dla Ciebie nawi\u0105zywanie i utrzymywanie dobrych relacji, nie wierzysz we w\u0142asne si\u0142y, masz poczucie, \u017ce Twoje \u017cycie i to, co robisz nie ma sensu, nie masz poczucia kontroli nad swoim \u017cyciem i tym, co Ci\u0119 otacza &#8211; zapraszam do kontaktu. Do\u015bwiadczasz trudno\u015bci, zwi\u0105zanych ze \u015bmierci\u0105 lub utrat\u0105 bliskiej osoby, kt\u00f3re uniemo\u017cliwiaj\u0105 lub w du\u017cym stopniu utrudniaj\u0105 codzienne funkcjonowanie? Zadzwo\u0144 do mnie by si\u0119 um\u00f3wi\u0107 na konsultacj\u0119. <\/p>\n\n\n\n<p class=\"has-text-align-center has-primary-color has-text-color has-link-color wp-elements-a72e92420edd71fddfffdaa1412695ed\">Gdy masz trudno\u015bci w rozumieniu i radzeniu sobie z w\u0142asnymi emocjami, do\u015bwiadczasz atak\u00f3w paniki, niepokoju, bezsenno\u015bci &#8211; zastanawiasz si\u0119 nad kontaktem ze specjalist\u0105 &#8211; psychoterapeut\u0105 &#8211; zapraszam.<\/p>\n\n\n\n<p class=\"has-text-align-center has-primary-color has-text-color has-link-color wp-elements-81ae732cae3eb7c079b2e19f132c2d8b\">Cierpisz z powodu depresji, zaburze\u0144 nerwicowych, problem\u00f3w psychosomatycznych i innych problem\u00f3w natury psychicznej &#8211; jeste\u015b zdecydowana, zdecydowany by pracowa\u0107 nad nimi &#8211; zapraszam.<\/p>\n\n\n\n<figure class=\"wp-block-gallery has-nested-images columns-default is-cropped wp-block-gallery-1 is-layout-flex wp-block-gallery-is-layout-flex\">\n<figure class=\"wp-block-image size-full\"><img decoding=\"async\" data-id=\"14\" src=\"https:\/\/zawilapsychoterapia.pl\/wp-content\/uploads\/2024\/07\/IMG_5652-e1721646895623.jpg\" alt=\"obrazek przedstawia wizerunek twarzy kobiety - Ma\u0142gorzata Zawi\u0142a\" class=\"wp-image-14\"\/><figcaption class=\"wp-element-caption\">Ma\u0142gorzata Zawi\u0142a<\/figcaption><\/figure>\n<\/figure>\n\n\n\n<p class=\"has-text-align-center has-text-color has-link-color wp-elements-363f894b417c2da6c4d6bb353ab5cff2\" style=\"color:#2b3712\">Uko\u0144czy\u0142am 4,5 letnie szkolenie psychoterapeutyczne w terapii psychodynamicznej i systemowej. Jestem absolwentk\u0105 Wydzia\u0142u Filozoficznego Uniwersytetu Jegiello\u0144skiego w Krakowie. Jestem doktorem habilitowanym w dyscyplinie nauk o kulturze i religii. Od ponad dwudziestu lat specjalizuj\u0119 si\u0119 w obszarze kryzysu \u017ca\u0142oby. W swojej praktyce psychoterapeutycznej &#8211; jako asystentka psychodramy &#8211; stosuj\u0119 techniki i elementy psychodramy &#8211; praktyki terapeutycznej integruj\u0105cej s\u0142owo i ruch w budowaniu nowego do\u015bwiadczenia, prowadz\u0105cego do zdrowienia i psychospo\u0142ecznego dobrostanu. Swoj\u0105 praktyk\u0119 prowadz\u0119 pod sta\u0142\u0105 superwizj\u0105 certyfikowanych superwizor\u00f3w i kieruj\u0119 si\u0119 w niej zasadami etycznymi, obowi\u0105zuj\u0105cymi cz\u0142onk\u00f3w i cz\u0142onkinie Polskiego Towarzystwa Psychiatrycznego, do kt\u00f3rego nale\u017c\u0119.<\/p>\n\n\n\n<figure class=\"wp-block-image size-large\"><img loading=\"lazy\" decoding=\"async\" width=\"1024\" height=\"768\" src=\"https:\/\/zawilapsychoterapia.pl\/wp-content\/uploads\/2024\/07\/IMG_9124-1024x768.jpg\" alt=\"\" class=\"wp-image-19\" srcset=\"https:\/\/zawilapsychoterapia.pl\/wp-content\/uploads\/2024\/07\/IMG_9124-1024x768.jpg 1024w, https:\/\/zawilapsychoterapia.pl\/wp-content\/uploads\/2024\/07\/IMG_9124-300x225.jpg 300w, https:\/\/zawilapsychoterapia.pl\/wp-content\/uploads\/2024\/07\/IMG_9124-768x576.jpg 768w, https:\/\/zawilapsychoterapia.pl\/wp-content\/uploads\/2024\/07\/IMG_9124-1536x1152.jpg 1536w, https:\/\/zawilapsychoterapia.pl\/wp-content\/uploads\/2024\/07\/IMG_9124-2048x1536.jpg 2048w\" sizes=\"auto, (max-width: 1024px) 100vw, 1024px\" \/><\/figure>\n\n\n\n<p class=\"has-text-align-center has-text-color has-link-color wp-elements-995122c90b318f73d182e738090ba9f4\" style=\"color:#3f1863\">W pracy psychoterapeutycznej traktuj\u0119 drug\u0105 osob\u0119 jako wielowymiarow\u0105 ca\u0142o\u015b\u0107, osob\u0119 o indywidualnych potrzebach i mo\u017cliwo\u015bciach w wymiarze psycho-spo\u0142ecznym i duchowym, nie zapominaj\u0105c tak\u017ce o fizyczno\u015bci. Moje humanistyczno-spo\u0142eczne wykszta\u0142cenie uwra\u017cliwi\u0142o mnie na z\u0142o\u017cono\u015b\u0107 ludzkich sposob\u00f3w funkcjonowania. W moim gabinecie mo\u017cesz znale\u017a\u0107 pomoc a nie ocen\u0119 bez wzgl\u0119du na swoj\u0105 p\u0142e\u0107, wyznanie, orientacj\u0119 czy kulturowy background. <\/p>\n\n\n\n<p class=\"has-text-align-center has-foreground-color has-text-color has-link-color wp-elements-41d2471d5b6af56e0a4070fd21a8d907\">W celu ustalenia terminu wizyty prosz\u0119 o KONTAKT telefoniczny: 509 255 045<\/p>\n\n\n\n<p class=\"has-text-align-center has-foreground-color has-text-color has-link-color wp-elements-16f1b229809fe0b8e8f0918cd1d30ff5\">adres gabinetu: 30-011 Krak\u00f3w, ul. Wroc\u0142awska 60\/10 <\/p>\n\n\n\n<p class=\"has-text-align-center\"><\/p>\n","protected":false},"excerpt":{"rendered":"<p>Zapraszam do gabinetu psychoterapii w Krakowie Je\u015bli wyzwaniem jest dla Ciebie nawi\u0105zywanie i utrzymywanie dobrych relacji, nie wierzysz we w\u0142asne si\u0142y, masz poczucie, \u017ce Twoje \u017cycie i to, co robisz nie ma sensu, nie masz poczucia kontroli nad swoim \u017cyciem i tym, co Ci\u0119 otacza &#8211; zapraszam do kontaktu. Do\u015bwiadczasz trudno\u015bci, zwi\u0105zanych ze \u015bmierci\u0105 lub [&hellip;]<\/p>\n","protected":false},"author":1,"featured_media":24,"parent":0,"menu_order":0,"comment_status":"closed","ping_status":"closed","template":"","meta":{"footnotes":""},"class_list":["post-12","page","type-page","status-publish","has-post-thumbnail","hentry"],"_links":{"self":[{"href":"https:\/\/zawilapsychoterapia.pl\/index.php\/wp-json\/wp\/v2\/pages\/12","targetHints":{"allow":["GET"]}}],"collection":[{"href":"https:\/\/zawilapsychoterapia.pl\/index.php\/wp-json\/wp\/v2\/pages"}],"about":[{"href":"https:\/\/zawilapsychoterapia.pl\/index.php\/wp-json\/wp\/v2\/types\/page"}],"author":[{"embeddable":true,"href":"https:\/\/zawilapsychoterapia.pl\/index.php\/wp-json\/wp\/v2\/users\/1"}],"replies":[{"embeddable":true,"href":"https:\/\/zawilapsychoterapia.pl\/index.php\/wp-json\/wp\/v2\/comments?post=12"}],"version-history":[{"count":9,"href":"https:\/\/zawilapsychoterapia.pl\/index.php\/wp-json\/wp\/v2\/pages\/12\/revisions"}],"predecessor-version":[{"id":30,"href":"https:\/\/zawilapsychoterapia.pl\/index.php\/wp-json\/wp\/v2\/pages\/12\/revisions\/30"}],"wp:featuredmedia":[{"embeddable":true,"href":"https:\/\/zawilapsychoterapia.pl\/index.php\/wp-json\/wp\/v2\/media\/24"}],"wp:attachment":[{"href":"https:\/\/zawilapsychoterapia.pl\/index.php\/wp-json\/wp\/v2\/media?parent=12"}],"curies":[{"name":"wp","href":"https:\/\/api.w.org\/{rel}","templated":true}]}}